{"id":1258,"date":"2023-05-11T12:17:09","date_gmt":"2023-05-11T10:17:09","guid":{"rendered":"https:\/\/forteunited.com\/home\/"},"modified":"2024-05-06T11:04:32","modified_gmt":"2024-05-06T09:04:32","slug":"home","status":"publish","type":"page","link":"https:\/\/forteunited.com\/ro\/","title":{"rendered":"INTRODUCERE FORTE UNITED"},"content":{"rendered":"\n<section class=\"image-text wp-block alignfull image-text--image-left\" id=\"text-image-block_a1e5c43e0c01848f28ecedd0a92fe64d\">\n\t<div class=\"row align-middle\">\n        \t\t\t<div class=\"column small-12 large-6 image-text__text-col\">\n\t            <div class=\"px-l\">\n\t\t\t\t\t\t\t\t\t\t\t<h2 class=\"image-text__title\">Recrutare internationala<\/h2>\n\t\t\t\t\t\t\t\t\t\t\t\t\t\t\t\t<div class=\"image-text__text fs-large\">\n\t\t\t\t\t\t\t<p class=\"p1\"><span lang=\"ro\">Cau\u021bi un loc de munc\u0103 \u00een domeniul Tehnic? Te putem ajuta. Fiind activi \u00een domeniul Tehnic, intermediem for\u021b\u0103 de munc\u0103 \u00eenspre companii \u0219i proiecte interesante. Avem o mare ofert\u0103 de posturi vacante. De la operator CNC, strungar\/frezor p\u00e2n\u0103 la l\u0103c\u0103tu\u0219 mecanic\/sudor.<\/span><\/p>\n\t\t\t\t\t\t<\/div>\n\t\t\t\t\t\t\t\t\t\t\t\t\t\t<\/div>\n\t\t\t<\/div>\n\t\t\t\t\t\t\t<div class=\"column small-12 large-6 image-text__image-col\">\n\t\t\t\t<img class=\"image-text__image lazyload\" data-src=\"https:\/\/forteunited.com\/wp-content\/uploads\/2024\/02\/iStock-495346590-1024x768.jpg\" title=\"tooth gear wheel machining\" alt=\"\" \/>\n\t\t\t<\/div>\n\t\t    <\/div>\n<\/section>\n\n\n<section class=\"vacancies wp-block alignfull\" id=\"vacancies-block_24b402491e0754cdef0eaf298b5bc1d3\">\n        <div class=\"row\">\n        <div class=\"large-6 column\">\n            <div class=\"mb-m\">\n                                    <h2 class=\"vacancies__title\">Vacante recente<\/h2>\n                                                    <div class=\"vacancies__intro\">\n                        <p>Vino sa lucrezi cu noi&#8230;.<\/p>\n                    <\/div>\n                            <\/div>\n        <\/div>\n    <\/div>\n        <div class=\"row small-up-1 medium-up-2 large-up-3 flex-grow\">\n                    \n            <div class=\"column\">\n                <a href=\"https:\/\/forteunited.com\/ro\/vacature\/lacatus-mecanic-sudor\/\" class=\"card card--event card--white grow\">\n                   \n                    <div class=\"card__content grow\">\n                        <div class=\"card__vacancy-info\">\n                            40 horas semanales                        <\/div> \n                        <h3 class=\"card__title\">L\u0103c\u0103tu\u0219 mecanic\/Sudor<\/h3>\n                        <div class=\"card__text text-grow\">\n                            <p>\n\u00cen calitate de L\u0103c\u0103tu\u0219 mecanic sudor, e\u0219ti responsabil pentru asamblarea \u0219i sudarea&#8230;<\/p>   \n                        <\/div>                   \n                        <div class=\"card__link\">Vezi postul vacant<\/div>\n                    <\/div>\n                <\/a>\n            <\/div>\n                    \n            <div class=\"column\">\n                <a href=\"https:\/\/forteunited.com\/ro\/vacature\/fresador-mandrilador-cnc\/\" class=\"card card--event card--white grow\">\n                   \n                    <div class=\"card__content grow\">\n                        <div class=\"card__vacancy-info\">\n                            40 horas semanales                        <\/div> \n                        <h3 class=\"card__title\">Fresador mandrilador CNC<\/h3>\n                        <div class=\"card__text text-grow\">\n                            <p>\nComo fresador\/mandrilador CNC deber\u00e1 saber programar, ajustar y manejar fresadoras y&#8230;<\/p>   \n                        <\/div>                   \n                        <div class=\"card__link\">Vezi postul vacant<\/div>\n                    <\/div>\n                <\/a>\n            <\/div>\n                    \n            <div class=\"column\">\n                <a href=\"https:\/\/forteunited.com\/ro\/vacature\/frezor-alezor-cnc\/\" class=\"card card--event card--white grow\">\n                   \n                    <div class=\"card__content grow\">\n                        <div class=\"card__vacancy-info\">\n                            40 horas semanales                        <\/div> \n                        <h3 class=\"card__title\">Frezor\/Alezor CNC<\/h3>\n                        <div class=\"card__text text-grow\">\n                            <p>\n\u00cen calitate de frezor\/alezor CNC, po\u021bi programa, instala \u0219i opera \u00een mod autonom freza\/ma\u0219ina&#8230;<\/p>   \n                        <\/div>                   \n                        <div class=\"card__link\">Vezi postul vacant<\/div>\n                    <\/div>\n                <\/a>\n            <\/div>\n            <\/div>\n   \n    \n<\/section>\n\n\n<section class=\"story wp-block alignfull\" id=\"story-block_a03341d4bf61b64273b57d2f40badaac\">\n    <div class=\"row align-center\">\n        <div class=\"small-12 large-10 column\">\n                            <blockquote class=\"story__text\">\u201cDatorit\u0103 Forte United mi-am g\u0103sit \u00een sf\u00e2r\u0219it jobul de vis!\u201d\n                                    <\/blockquote>\n                    \n        <\/div>\n    <\/div>\n            <div class=\"story__image lazyload\" data-src=\"https:\/\/forteunited.com\/wp-content\/uploads\/2024\/05\/employee.jpg\"><\/div>\n    <\/section>","protected":false},"excerpt":{"rendered":"","protected":false},"author":1,"featured_media":1323,"parent":0,"menu_order":0,"comment_status":"closed","ping_status":"closed","template":"","meta":{"_acf_changed":false,"footnotes":""},"class_list":["post-1258","page","type-page","status-publish","has-post-thumbnail","hentry"],"acf":[],"yoast_head":"<!-- This site is optimized with the Yoast SEO plugin v27.4 - https:\/\/yoast.com\/product\/yoast-seo-wordpress\/ -->\n<title>INTRODUCERE FORTE UNITED - Forte United<\/title>\n<meta name=\"robots\" content=\"index, follow, max-snippet:-1, max-image-preview:large, max-video-preview:-1\" \/>\n<link rel=\"canonical\" href=\"https:\/\/forteunited.com\/ro\/\" \/>\n<meta property=\"og:locale\" content=\"ro_RO\" \/>\n<meta property=\"og:type\" content=\"article\" \/>\n<meta property=\"og:title\" content=\"INTRODUCERE FORTE UNITED - Forte United\" \/>\n<meta property=\"og:url\" content=\"https:\/\/forteunited.com\/ro\/\" \/>\n<meta property=\"og:site_name\" content=\"Forte United\" \/>\n<meta property=\"article:modified_time\" content=\"2024-05-06T09:04:32+00:00\" \/>\n<meta property=\"og:image\" content=\"https:\/\/forteunited.com\/wp-content\/uploads\/2024\/01\/istockphoto-495346590-1024x1024-1.jpg\" \/>\n\t<meta property=\"og:image:width\" content=\"1024\" \/>\n\t<meta property=\"og:image:height\" content=\"683\" \/>\n\t<meta property=\"og:image:type\" content=\"image\/jpeg\" \/>\n<meta name=\"twitter:card\" content=\"summary_large_image\" \/>\n<meta name=\"twitter:label1\" content=\"Timp estimat pentru citire\" \/>\n\t<meta name=\"twitter:data1\" content=\"1 minut\" \/>\n<script type=\"application\/ld+json\" class=\"yoast-schema-graph\">{\"@context\":\"https:\\\/\\\/schema.org\",\"@graph\":[{\"@type\":\"WebPage\",\"@id\":\"https:\\\/\\\/forteunited.com\\\/ro\\\/\",\"url\":\"https:\\\/\\\/forteunited.com\\\/ro\\\/\",\"name\":\"INTRODUCERE FORTE UNITED - Forte United\",\"isPartOf\":{\"@id\":\"https:\\\/\\\/forteunited.com\\\/ro\\\/#website\"},\"primaryImageOfPage\":{\"@id\":\"https:\\\/\\\/forteunited.com\\\/ro\\\/#primaryimage\"},\"image\":{\"@id\":\"https:\\\/\\\/forteunited.com\\\/ro\\\/#primaryimage\"},\"thumbnailUrl\":\"https:\\\/\\\/forteunited.com\\\/wp-content\\\/uploads\\\/2024\\\/03\\\/iStock-495346590-1.webp\",\"datePublished\":\"2023-05-11T10:17:09+00:00\",\"dateModified\":\"2024-05-06T09:04:32+00:00\",\"breadcrumb\":{\"@id\":\"https:\\\/\\\/forteunited.com\\\/ro\\\/#breadcrumb\"},\"inLanguage\":\"ro-RO\",\"potentialAction\":[{\"@type\":\"ReadAction\",\"target\":[\"https:\\\/\\\/forteunited.com\\\/ro\\\/\"]}]},{\"@type\":\"ImageObject\",\"inLanguage\":\"ro-RO\",\"@id\":\"https:\\\/\\\/forteunited.com\\\/ro\\\/#primaryimage\",\"url\":\"https:\\\/\\\/forteunited.com\\\/wp-content\\\/uploads\\\/2024\\\/03\\\/iStock-495346590-1.webp\",\"contentUrl\":\"https:\\\/\\\/forteunited.com\\\/wp-content\\\/uploads\\\/2024\\\/03\\\/iStock-495346590-1.webp\",\"width\":2119,\"height\":1414},{\"@type\":\"BreadcrumbList\",\"@id\":\"https:\\\/\\\/forteunited.com\\\/ro\\\/#breadcrumb\",\"itemListElement\":[{\"@type\":\"ListItem\",\"position\":1,\"name\":\"Home\",\"item\":\"https:\\\/\\\/forteunited.com\\\/ro\\\/\"},{\"@type\":\"ListItem\",\"position\":2,\"name\":\"INTRODUCERE FORTE UNITED\"}]},{\"@type\":\"WebSite\",\"@id\":\"https:\\\/\\\/forteunited.com\\\/ro\\\/#website\",\"url\":\"https:\\\/\\\/forteunited.com\\\/ro\\\/\",\"name\":\"Forte United\",\"description\":\"\",\"potentialAction\":[{\"@type\":\"SearchAction\",\"target\":{\"@type\":\"EntryPoint\",\"urlTemplate\":\"https:\\\/\\\/forteunited.com\\\/ro\\\/?s={search_term_string}\"},\"query-input\":{\"@type\":\"PropertyValueSpecification\",\"valueRequired\":true,\"valueName\":\"search_term_string\"}}],\"inLanguage\":\"ro-RO\"}]}<\/script>\n<!-- \/ Yoast SEO plugin. -->","yoast_head_json":{"title":"INTRODUCERE FORTE UNITED - Forte United","robots":{"index":"index","follow":"follow","max-snippet":"max-snippet:-1","max-image-preview":"max-image-preview:large","max-video-preview":"max-video-preview:-1"},"canonical":"https:\/\/forteunited.com\/ro\/","og_locale":"ro_RO","og_type":"article","og_title":"INTRODUCERE FORTE UNITED - Forte United","og_url":"https:\/\/forteunited.com\/ro\/","og_site_name":"Forte United","article_modified_time":"2024-05-06T09:04:32+00:00","og_image":[{"width":1024,"height":683,"url":"https:\/\/forteunited.com\/wp-content\/uploads\/2024\/01\/istockphoto-495346590-1024x1024-1.jpg","type":"image\/jpeg"}],"twitter_card":"summary_large_image","twitter_misc":{"Timp estimat pentru citire":"1 minut"},"schema":{"@context":"https:\/\/schema.org","@graph":[{"@type":"WebPage","@id":"https:\/\/forteunited.com\/ro\/","url":"https:\/\/forteunited.com\/ro\/","name":"INTRODUCERE FORTE UNITED - Forte United","isPartOf":{"@id":"https:\/\/forteunited.com\/ro\/#website"},"primaryImageOfPage":{"@id":"https:\/\/forteunited.com\/ro\/#primaryimage"},"image":{"@id":"https:\/\/forteunited.com\/ro\/#primaryimage"},"thumbnailUrl":"https:\/\/forteunited.com\/wp-content\/uploads\/2024\/03\/iStock-495346590-1.webp","datePublished":"2023-05-11T10:17:09+00:00","dateModified":"2024-05-06T09:04:32+00:00","breadcrumb":{"@id":"https:\/\/forteunited.com\/ro\/#breadcrumb"},"inLanguage":"ro-RO","potentialAction":[{"@type":"ReadAction","target":["https:\/\/forteunited.com\/ro\/"]}]},{"@type":"ImageObject","inLanguage":"ro-RO","@id":"https:\/\/forteunited.com\/ro\/#primaryimage","url":"https:\/\/forteunited.com\/wp-content\/uploads\/2024\/03\/iStock-495346590-1.webp","contentUrl":"https:\/\/forteunited.com\/wp-content\/uploads\/2024\/03\/iStock-495346590-1.webp","width":2119,"height":1414},{"@type":"BreadcrumbList","@id":"https:\/\/forteunited.com\/ro\/#breadcrumb","itemListElement":[{"@type":"ListItem","position":1,"name":"Home","item":"https:\/\/forteunited.com\/ro\/"},{"@type":"ListItem","position":2,"name":"INTRODUCERE FORTE UNITED"}]},{"@type":"WebSite","@id":"https:\/\/forteunited.com\/ro\/#website","url":"https:\/\/forteunited.com\/ro\/","name":"Forte United","description":"","potentialAction":[{"@type":"SearchAction","target":{"@type":"EntryPoint","urlTemplate":"https:\/\/forteunited.com\/ro\/?s={search_term_string}"},"query-input":{"@type":"PropertyValueSpecification","valueRequired":true,"valueName":"search_term_string"}}],"inLanguage":"ro-RO"}]}},"_links":{"self":[{"href":"https:\/\/forteunited.com\/ro\/wp-json\/wp\/v2\/pages\/1258","targetHints":{"allow":["GET"]}}],"collection":[{"href":"https:\/\/forteunited.com\/ro\/wp-json\/wp\/v2\/pages"}],"about":[{"href":"https:\/\/forteunited.com\/ro\/wp-json\/wp\/v2\/types\/page"}],"author":[{"embeddable":true,"href":"https:\/\/forteunited.com\/ro\/wp-json\/wp\/v2\/users\/1"}],"replies":[{"embeddable":true,"href":"https:\/\/forteunited.com\/ro\/wp-json\/wp\/v2\/comments?post=1258"}],"version-history":[{"count":3,"href":"https:\/\/forteunited.com\/ro\/wp-json\/wp\/v2\/pages\/1258\/revisions"}],"predecessor-version":[{"id":1430,"href":"https:\/\/forteunited.com\/ro\/wp-json\/wp\/v2\/pages\/1258\/revisions\/1430"}],"wp:featuredmedia":[{"embeddable":true,"href":"https:\/\/forteunited.com\/ro\/wp-json\/wp\/v2\/media\/1323"}],"wp:attachment":[{"href":"https:\/\/forteunited.com\/ro\/wp-json\/wp\/v2\/media?parent=1258"}],"curies":[{"name":"wp","href":"https:\/\/api.w.org\/{rel}","templated":true}]}}